{"id":271,"date":"2024-05-25T20:17:46","date_gmt":"2024-05-25T20:17:46","guid":{"rendered":"https:\/\/livinglascanteras.com\/?page_id=271"},"modified":"2025-03-03T09:40:15","modified_gmt":"2025-03-03T09:40:15","slug":"reserva-directa","status":"publish","type":"page","link":"https:\/\/livinglascanteras.com\/en\/book-direct\/","title":{"rendered":"Book Direct"},"content":{"rendered":"<div data-elementor-type=\"wp-page\" data-elementor-id=\"271\" class=\"elementor elementor-271\" data-elementor-post-type=\"page\">\n\t\t\t\t\t\t<section class=\"elementor-section elementor-top-section elementor-element elementor-element-dcc4931 elementor-section-full_width elementor-section-height-min-height elementor-section-items-bottom elementor-section-height-default\" data-id=\"dcc4931\" data-element_type=\"section\" data-settings=\"{&quot;background_background&quot;:&quot;classic&quot;}\">\n\t\t\t\t\t\t\t<div class=\"elementor-background-overlay\"><\/div>\n\t\t\t\t\t\t\t<div class=\"elementor-container elementor-column-gap-default\">\n\t\t\t\t\t<div class=\"elementor-column elementor-col-100 elementor-top-column elementor-element elementor-element-b40b3fa\" data-id=\"b40b3fa\" data-element_type=\"column\">\n\t\t\t<div class=\"elementor-widget-wrap elementor-element-populated\">\n\t\t\t\t\t\t<div class=\"elementor-element elementor-element-bf4f43a elementor-widget elementor-widget-spacer\" data-id=\"bf4f43a\" data-element_type=\"widget\" data-widget_type=\"spacer.default\">\n\t\t\t\t<div class=\"elementor-widget-container\">\n\t\t\t\t\t\t\t<div class=\"elementor-spacer\">\n\t\t\t<div class=\"elementor-spacer-inner\"><\/div>\n\t\t<\/div>\n\t\t\t\t\t\t<\/div>\n\t\t\t\t<\/div>\n\t\t\t\t<div class=\"elementor-element elementor-element-ba14c04 elementor-view-default elementor-position-top elementor-invisible elementor-widget elementor-widget-themo-header\" data-id=\"ba14c04\" data-element_type=\"widget\" data-settings=\"{&quot;_animation&quot;:&quot;fadeInUp&quot;}\" data-widget_type=\"themo-header.default\">\n\t\t\t\t<div class=\"elementor-widget-container\">\n\t\t\t\t\t\t\t<div class=\"th-header-wrap\">\n        <div class=\"elementor-icon-box-wrapper\">\n                            <div class=\"elementor-icon-box-content\">\n                    <h1 class=\"elementor-icon-box-title\">\n                        Save commissions                    <\/h1>\n                                        <p class=\"elementor-icon-box-description\"><\/p>\n\n                                    <\/div>\n            <\/div>\n\n        <\/div>\n\n\t\t\t\t\t\t<\/div>\n\t\t\t\t<\/div>\n\t\t\t\t\t<\/div>\n\t\t<\/div>\n\t\t\t\t\t<\/div>\n\t\t<\/section>\n\t\t\t\t<section class=\"elementor-section elementor-top-section elementor-element elementor-element-8eaa0ea elementor-section-boxed elementor-section-height-default elementor-section-height-default\" data-id=\"8eaa0ea\" data-element_type=\"section\">\n\t\t\t\t\t\t<div class=\"elementor-container elementor-column-gap-default\">\n\t\t\t\t\t<div class=\"elementor-column elementor-col-100 elementor-top-column elementor-element elementor-element-05da983\" data-id=\"05da983\" data-element_type=\"column\">\n\t\t\t<div class=\"elementor-widget-wrap elementor-element-populated\">\n\t\t\t\t\t\t<div class=\"elementor-element elementor-element-501fa26 elementor-widget__width-initial elementor-invisible elementor-widget elementor-widget-text-editor\" data-id=\"501fa26\" data-element_type=\"widget\" data-settings=\"{&quot;_animation&quot;:&quot;fadeInUp&quot;}\" data-widget_type=\"text-editor.default\">\n\t\t\t\t<div class=\"elementor-widget-container\">\n\t\t\t\t\t\t\t\t\t<p style=\"font-weight: 400;\">At LIVING LAS CANTERAS HOMES, we especially appreciate our guests who book directly through <a href=\"https:\/\/livinglascanteras.com\/en\/\">www.livinglascanteras.com<\/a>. That's why we offer numerous perks to make your stay at Playa de Las Canteras even more enjoyable.<\/p>\n<ol>\n<li style=\"list-style-type: none;\">\n<ol>\n<li><strong>We guarantee the best prices compared to any other sales channel.<\/strong><\/li>\n<\/ol>\n<\/li>\n<\/ol>\n<p style=\"font-weight: 400; padding-left: 80px;\">By booking directly, you avoid paying commissions to platforms that don't contribute to our local economy. If you find one of our properties at a lower price on another website with a similar 30-day cancellation policy, we\u2019ll match that price.<\/p>\n<ol>\n<li style=\"list-style-type: none;\">\n<ol start=\"2\">\n<li><strong>We will be <\/strong><strong>flexible if you need to cancel due to circumstances beyond your control.<\/strong><\/li>\n<\/ol>\n<\/li>\n<\/ol>\n<p style=\"font-weight: 400; padding-left: 80px;\">If your flight is cancelled, you fall ill, or face any other justified force majeure reason and are no longer within the free cancellation period, you can use your booking amount for a future date, subject to availability. See our <a href=\"https:\/\/livinglascanteras.com\/en\/policies\/\"><strong>Policies<\/strong><\/a> section for more details.<\/p>\n<figure id=\"attachment_2605\" class=\"thumbnail wp-caption aligncenter\" style=\"width: 750px\"><img fetchpriority=\"high\" decoding=\"async\" src=\"https:\/\/livinglascanteras.com\/wp-content\/uploads\/2024\/06\/FRONT-LINE-SUITE-BEACH-by-Living-Las-Canteras-019-1-1-300x200.jpg\" alt=\"\" width=\"750\" height=\"500\"><figcaption class=\"caption wp-caption-text\">Panoramic view of Las Canteras Beach from our Front-Line Beach.<\/figcaption><\/figure>\n<ol>\n<li style=\"list-style-type: none;\">\n<ol start=\"3\">\n<li><strong>Free early check-in and late check-out (subject to availability)<\/strong><\/li>\n<\/ol>\n<\/li>\n<\/ol>\n<p style=\"font-weight: 400; padding-left: 80px;\">If we don't have guests arriving on the same day and can adjust our cleaning schedule, we offer early check-in before 3:00 pm and late check-out after 11:00 am at no extra charge. Request this in the \u20185-Step Registration\u2019 process you'll complete after booking.<\/p>\n<ol>\n<li style=\"list-style-type: none;\">\n<ol start=\"4\">\n<li><strong>You can request a cot, high chair, yoga mat, and computer monitor free of charge.<\/strong><\/li>\n<\/ol>\n<\/li>\n<\/ol>\n<p style=\"font-weight: 400; padding-left: 80px;\">Just let us know in the \u20185-Step Registration\u2019 procedure after booking.<\/p>\n<figure id=\"attachment_2609\" class=\"thumbnail wp-caption aligncenter\" style=\"width: 750px\"><img decoding=\"async\" src=\"https:\/\/livinglascanteras.com\/wp-content\/uploads\/2024\/06\/B0020409_AuroraHDR2019-edit1-1-300x225.jpg\" alt=\"\" width=\"750\" height=\"562\"><figcaption class=\"caption wp-caption-text\">Beachfront Huge Terrace workstation.<\/figcaption><\/figure>\n<ol>\n<li style=\"list-style-type: none;\">\n<ol start=\"5\">\n<li><strong>Long stay discounts.&nbsp;<\/strong><\/li>\n<\/ol>\n<\/li>\n<\/ol>\n<p style=\"font-weight: 400; padding-left: 80px;\">The longer you stay, the better the price. Check our listings for further details. <br>These discounts are already applied in your searches through our search engine, which you can verify by seeking for different lengths of stay.<\/p>\n<ol>\n<li style=\"list-style-type: none;\">\n<ol start=\"6\">\n<li><strong>Solo traveller discount.<\/strong><\/li>\n<\/ol>\n<\/li>\n<\/ol>\n<p style=\"font-weight: 400; padding-left: 80px;\">We know solo travellers appreciate a better rate than those travelling in company.<br>This applies to studio and one-bedroom properties. When you search for a single occupancy, you'll find it's more economical than for two people.<\/p>\n<figure id=\"attachment_2525\" class=\"thumbnail wp-caption aligncenter\" style=\"width: 750px\"><img decoding=\"async\" src=\"https:\/\/livinglascanteras.com\/wp-content\/uploads\/2024\/06\/Dos-precios-2-300x111.jpg\" alt=\"\" width=\"750\" height=\"276\"><figcaption class=\"caption wp-caption-text\">Prices in searches for 1 and 2 guests, same dates.<\/figcaption><\/figure>\n<ol>\n<li style=\"list-style-type: none;\">\n<ol start=\"7\">\n<li><strong>Enjoy special offers at local businesses such as<\/strong> <strong>restaurants, car rentals, private car parks, surf<\/strong> <strong>lessons, massages, and more. <\/strong><\/li>\n<\/ol>\n<\/li>\n<\/ol>\n<p style=\"font-weight: 400; padding-left: 80px;\">Detailed information will be provided in a <em>Recommendations Guide<\/em> we've prepared especially for you.<\/p>\n<figure id=\"attachment_2258\" class=\"thumbnail wp-caption aligncenter\" style=\"width: 750px\"><img loading=\"lazy\" decoding=\"async\" src=\"https:\/\/livinglascanteras.com\/wp-content\/uploads\/2024\/06\/Guia-Recomendaciones-300x164.jpg\" alt=\"\" width=\"750\" height=\"410\"><figcaption class=\"caption wp-caption-text\">Some promotions in the LIVING LAS CANTERAS HOMES Recommendations Guide.<\/figcaption><\/figure>\n<ol>\n<li style=\"list-style-type: none;\">\n<ol start=\"8\">\n<li><strong>If you request it, we\u2019ll provide you with a promotional code for a 10% discount to enjoy at <a href=\"http:\/\/www.livingartenara.com\">LIVING ARTENARA Cave Houses &amp; Condos<\/a>.<\/strong><\/li>\n<\/ol>\n<\/li>\n<\/ol>\n<p style=\"font-weight: 400; padding-left: 80px;\">Experience staying in a genuine cave house in Artenara, the highest village in Gran Canaria, surrounded by stunning hiking trails. Our houses are fully equipped for cooking and remote working in comfort.<\/p>\n<p style=\"font-weight: 400; padding-left: 80px;\">If you\u2019d like to stay at <strong><a href=\"http:\/\/www.livingartenara.com\/\">LIVING ARTENARA Cave Houses &amp; Condos<\/a>, <\/strong>request the promotional code when booking your stay at LIVING LAS CANTERAS HOMES. This code is transferable, so you can also share it with anyone you wish.<\/p>\n<ol>\n<li style=\"list-style-type: none;\">\n<ol start=\"9\">\n<li><strong>You'll get a more personalised attention.<\/strong><\/li>\n<\/ol>\n<\/li>\n<\/ol>\n<p style=\"font-weight: 400; padding-left: 80px;\">Completely tailored to your needs and preferences. Our 100% local team is dedicated to making your stay an unforgettable experience.<\/p>\n<ol>\n<li style=\"list-style-type: none;\">\n<ol start=\"10\">\n<li><strong>You'll support our business and the local economy.<\/strong><\/li>\n<\/ol>\n<\/li>\n<\/ol>\n<p style=\"font-weight: 400; padding-left: 80px;\">By booking directly, you support our local business and contribute to the economy of Gran Canaria. Together, we make Playa Las Canteras and our island even more amazing and wonderful places.<\/p>\n<figure id=\"attachment_2613\" class=\"thumbnail wp-caption aligncenter\" style=\"width: 750px\"><img loading=\"lazy\" decoding=\"async\" src=\"https:\/\/livinglascanteras.com\/wp-content\/uploads\/2024\/06\/lo-que-incluimos-sin-coste-1-1-295x300.jpg\" alt=\"\" width=\"750\" height=\"764\"><figcaption class=\"caption wp-caption-text\">Extra equipment at no cost at LIVING LAS CANTERAS HOMES.<\/figcaption><\/figure>\n<h5 style=\"font-weight: 400; padding-left: 40px; text-align: left;\"><strong>Already have a booking through an online platform<\/strong> <strong>and want to benefit from these advantages?<\/strong><\/h5>\n<p style=\"font-weight: 400; padding-left: 40px; text-align: left;\">If you're within the free cancellation period, we encourage you to switch to a direct booking.<\/p>\n<p style=\"font-weight: 400; padding-left: 40px; text-align: left;\">Cancel your platform booking and make a new one through our website. You'll see that <strong>the price shown on our website for the same dates is at least 7% lower than the platform price<\/strong>. Depending on the platform, property, dates, and advance notice, this discount <strong>can be as much as 30%<\/strong>.<\/p>\n<p style=\"font-weight: 400; padding-left: 40px;\">\n<\/p>\t\t\t\t\t\t\t\t<\/div>\n\t\t\t\t<\/div>\n\t\t\t\t<div class=\"elementor-element elementor-element-855b3c8 elementor-widget elementor-widget-themo-call-to-action\" data-id=\"855b3c8\" data-element_type=\"widget\" data-widget_type=\"themo-call-to-action.default\">\n\t\t\t\t<div class=\"elementor-widget-container\">\n\t\t\t\t\t\t\t<div class=\"th-cta\">\n\t\t\t\n                        <div class=\"th-cta-btn\">\n\n                                    <a class=\"btn-1 btn th-btn btn-standard-primary\" href=\"https:\/\/lascanteras.kross.travel\/en\/apartments?r=1\" target=\"_blank\">\n                                                    Check all our accommodations                                            <\/a>\n                \n                            <\/div>\n            \t\t<\/div>\n\t\t\t\t\t\t<\/div>\n\t\t\t\t<\/div>\n\t\t\t\t\t<\/div>\n\t\t<\/div>\n\t\t\t\t\t<\/div>\n\t\t<\/section>\n\t\t\t\t<\/div>","protected":false},"excerpt":{"rendered":"<p>Ahorra comisiones En LIVING LAS CANTERAS HOMES, estamos especialmente agradecidos a aquellos hu\u00e9spedes que reservan directamente en www.livinglascanteras.com. Por ello, te ofrecemos numerosas ventajas que har\u00e1n que tu estancia en la Playa Las Canteras sea a\u00fan m\u00e1s placentera. Te garantizamos &hellip; <a href=\"https:\/\/livinglascanteras.com\/en\/book-direct\/\">Read More<\/a><\/p>","protected":false},"author":1,"featured_media":0,"parent":0,"menu_order":0,"comment_status":"closed","ping_status":"closed","template":"","meta":{"footnotes":""},"class_list":["post-271","page","type-page","status-publish","hentry"],"yoast_head":"<!-- This site is optimized with the Yoast SEO plugin v25.3 - https:\/\/yoast.com\/wordpress\/plugins\/seo\/ -->\n<title>Reserva directa - LIVING LAS CANTERAS HOMES<\/title>\n<meta name=\"robots\" content=\"index, follow, max-snippet:-1, max-image-preview:large, max-video-preview:-1\" \/>\n<link rel=\"canonical\" href=\"https:\/\/livinglascanteras.com\/en\/book-direct\/\" \/>\n<meta property=\"og:locale\" content=\"en_GB\" \/>\n<meta property=\"og:type\" content=\"article\" \/>\n<meta property=\"og:title\" content=\"Reserva directa - LIVING LAS CANTERAS HOMES\" \/>\n<meta property=\"og:description\" content=\"Ahorra comisiones En LIVING LAS CANTERAS HOMES, estamos especialmente agradecidos a aquellos hu\u00e9spedes que reservan directamente en www.livinglascanteras.com. Por ello, te ofrecemos numerosas ventajas que har\u00e1n que tu estancia en la Playa Las Canteras sea a\u00fan m\u00e1s placentera. Te garantizamos &hellip; Read More\" \/>\n<meta property=\"og:url\" content=\"https:\/\/livinglascanteras.com\/en\/book-direct\/\" \/>\n<meta property=\"og:site_name\" content=\"LIVING LAS CANTERAS HOMES\" \/>\n<meta property=\"article:modified_time\" content=\"2025-03-03T09:40:15+00:00\" \/>\n<meta property=\"og:image\" content=\"https:\/\/livinglascanteras.com\/wp-content\/uploads\/2024\/06\/FRONT-LINE-SUITE-BEACH-by-Living-Las-Canteras-019-1-1-300x200.jpg\" \/>\n<meta name=\"twitter:card\" content=\"summary_large_image\" \/>\n<meta name=\"twitter:label1\" content=\"Estimated reading time\" \/>\n\t<meta name=\"twitter:data1\" content=\"5 minutes\" \/>\n<script type=\"application\/ld+json\" class=\"yoast-schema-graph\">{\"@context\":\"https:\/\/schema.org\",\"@graph\":[{\"@type\":\"WebPage\",\"@id\":\"https:\/\/livinglascanteras.com\/reserva-directa\/\",\"url\":\"https:\/\/livinglascanteras.com\/reserva-directa\/\",\"name\":\"Reserva directa - LIVING LAS CANTERAS HOMES\",\"isPartOf\":{\"@id\":\"https:\/\/livinglascanteras.com\/#website\"},\"primaryImageOfPage\":{\"@id\":\"https:\/\/livinglascanteras.com\/reserva-directa\/#primaryimage\"},\"image\":{\"@id\":\"https:\/\/livinglascanteras.com\/reserva-directa\/#primaryimage\"},\"thumbnailUrl\":\"https:\/\/livinglascanteras.com\/wp-content\/uploads\/2024\/06\/FRONT-LINE-SUITE-BEACH-by-Living-Las-Canteras-019-1-1-300x200.jpg\",\"datePublished\":\"2024-05-25T20:17:46+00:00\",\"dateModified\":\"2025-03-03T09:40:15+00:00\",\"breadcrumb\":{\"@id\":\"https:\/\/livinglascanteras.com\/reserva-directa\/#breadcrumb\"},\"inLanguage\":\"en-GB\",\"potentialAction\":[{\"@type\":\"ReadAction\",\"target\":[\"https:\/\/livinglascanteras.com\/reserva-directa\/\"]}]},{\"@type\":\"ImageObject\",\"inLanguage\":\"en-GB\",\"@id\":\"https:\/\/livinglascanteras.com\/reserva-directa\/#primaryimage\",\"url\":\"https:\/\/livinglascanteras.com\/wp-content\/uploads\/2024\/06\/FRONT-LINE-SUITE-BEACH-by-Living-Las-Canteras-019-1-1-300x200.jpg\",\"contentUrl\":\"https:\/\/livinglascanteras.com\/wp-content\/uploads\/2024\/06\/FRONT-LINE-SUITE-BEACH-by-Living-Las-Canteras-019-1-1-300x200.jpg\"},{\"@type\":\"BreadcrumbList\",\"@id\":\"https:\/\/livinglascanteras.com\/reserva-directa\/#breadcrumb\",\"itemListElement\":[{\"@type\":\"ListItem\",\"position\":1,\"name\":\"Portada\",\"item\":\"https:\/\/livinglascanteras.com\/\"},{\"@type\":\"ListItem\",\"position\":2,\"name\":\"Reserva directa\"}]},{\"@type\":\"WebSite\",\"@id\":\"https:\/\/livinglascanteras.com\/#website\",\"url\":\"https:\/\/livinglascanteras.com\/\",\"name\":\"LIVING LAS CANTERAS HOMES\",\"description\":\"Casas en primera l\u00ednea de playa en Playa Las Canteras\",\"publisher\":{\"@id\":\"https:\/\/livinglascanteras.com\/#organization\"},\"potentialAction\":[{\"@type\":\"SearchAction\",\"target\":{\"@type\":\"EntryPoint\",\"urlTemplate\":\"https:\/\/livinglascanteras.com\/?s={search_term_string}\"},\"query-input\":{\"@type\":\"PropertyValueSpecification\",\"valueRequired\":true,\"valueName\":\"search_term_string\"}}],\"inLanguage\":\"en-GB\"},{\"@type\":\"Organization\",\"@id\":\"https:\/\/livinglascanteras.com\/#organization\",\"name\":\"LIVING LAS CANTERAS HOMES\",\"url\":\"https:\/\/livinglascanteras.com\/\",\"logo\":{\"@type\":\"ImageObject\",\"inLanguage\":\"en-GB\",\"@id\":\"https:\/\/livinglascanteras.com\/#\/schema\/logo\/image\/\",\"url\":\"https:\/\/livinglascanteras.com\/wp-content\/uploads\/2024\/06\/cropped-cropped-Favicon-Living-Las-Canteras-original-copy-1.png\",\"contentUrl\":\"https:\/\/livinglascanteras.com\/wp-content\/uploads\/2024\/06\/cropped-cropped-Favicon-Living-Las-Canteras-original-copy-1.png\",\"width\":512,\"height\":512,\"caption\":\"LIVING LAS CANTERAS HOMES\"},\"image\":{\"@id\":\"https:\/\/livinglascanteras.com\/#\/schema\/logo\/image\/\"}}]}<\/script>\n<!-- \/ Yoast SEO plugin. -->","yoast_head_json":{"title":"Reserva directa - LIVING LAS CANTERAS HOMES","robots":{"index":"index","follow":"follow","max-snippet":"max-snippet:-1","max-image-preview":"max-image-preview:large","max-video-preview":"max-video-preview:-1"},"canonical":"https:\/\/livinglascanteras.com\/en\/book-direct\/","og_locale":"en_GB","og_type":"article","og_title":"Reserva directa - LIVING LAS CANTERAS HOMES","og_description":"Ahorra comisiones En LIVING LAS CANTERAS HOMES, estamos especialmente agradecidos a aquellos hu\u00e9spedes que reservan directamente en www.livinglascanteras.com. Por ello, te ofrecemos numerosas ventajas que har\u00e1n que tu estancia en la Playa Las Canteras sea a\u00fan m\u00e1s placentera. Te garantizamos &hellip; Read More","og_url":"https:\/\/livinglascanteras.com\/en\/book-direct\/","og_site_name":"LIVING LAS CANTERAS HOMES","article_modified_time":"2025-03-03T09:40:15+00:00","og_image":[{"url":"https:\/\/livinglascanteras.com\/wp-content\/uploads\/2024\/06\/FRONT-LINE-SUITE-BEACH-by-Living-Las-Canteras-019-1-1-300x200.jpg","type":"","width":"","height":""}],"twitter_card":"summary_large_image","twitter_misc":{"Estimated reading time":"5 minutes"},"schema":{"@context":"https:\/\/schema.org","@graph":[{"@type":"WebPage","@id":"https:\/\/livinglascanteras.com\/reserva-directa\/","url":"https:\/\/livinglascanteras.com\/reserva-directa\/","name":"Reserva directa - LIVING LAS CANTERAS HOMES","isPartOf":{"@id":"https:\/\/livinglascanteras.com\/#website"},"primaryImageOfPage":{"@id":"https:\/\/livinglascanteras.com\/reserva-directa\/#primaryimage"},"image":{"@id":"https:\/\/livinglascanteras.com\/reserva-directa\/#primaryimage"},"thumbnailUrl":"https:\/\/livinglascanteras.com\/wp-content\/uploads\/2024\/06\/FRONT-LINE-SUITE-BEACH-by-Living-Las-Canteras-019-1-1-300x200.jpg","datePublished":"2024-05-25T20:17:46+00:00","dateModified":"2025-03-03T09:40:15+00:00","breadcrumb":{"@id":"https:\/\/livinglascanteras.com\/reserva-directa\/#breadcrumb"},"inLanguage":"en-GB","potentialAction":[{"@type":"ReadAction","target":["https:\/\/livinglascanteras.com\/reserva-directa\/"]}]},{"@type":"ImageObject","inLanguage":"en-GB","@id":"https:\/\/livinglascanteras.com\/reserva-directa\/#primaryimage","url":"https:\/\/livinglascanteras.com\/wp-content\/uploads\/2024\/06\/FRONT-LINE-SUITE-BEACH-by-Living-Las-Canteras-019-1-1-300x200.jpg","contentUrl":"https:\/\/livinglascanteras.com\/wp-content\/uploads\/2024\/06\/FRONT-LINE-SUITE-BEACH-by-Living-Las-Canteras-019-1-1-300x200.jpg"},{"@type":"BreadcrumbList","@id":"https:\/\/livinglascanteras.com\/reserva-directa\/#breadcrumb","itemListElement":[{"@type":"ListItem","position":1,"name":"Portada","item":"https:\/\/livinglascanteras.com\/"},{"@type":"ListItem","position":2,"name":"Reserva directa"}]},{"@type":"WebSite","@id":"https:\/\/livinglascanteras.com\/#website","url":"https:\/\/livinglascanteras.com\/","name":"LIVING LAS CANTERAS HOMES","description":"Casas en primera l\u00ednea de playa en Playa Las Canteras","publisher":{"@id":"https:\/\/livinglascanteras.com\/#organization"},"potentialAction":[{"@type":"SearchAction","target":{"@type":"EntryPoint","urlTemplate":"https:\/\/livinglascanteras.com\/?s={search_term_string}"},"query-input":{"@type":"PropertyValueSpecification","valueRequired":true,"valueName":"search_term_string"}}],"inLanguage":"en-GB"},{"@type":"Organization","@id":"https:\/\/livinglascanteras.com\/#organization","name":"LIVING LAS CANTERAS HOMES","url":"https:\/\/livinglascanteras.com\/","logo":{"@type":"ImageObject","inLanguage":"en-GB","@id":"https:\/\/livinglascanteras.com\/#\/schema\/logo\/image\/","url":"https:\/\/livinglascanteras.com\/wp-content\/uploads\/2024\/06\/cropped-cropped-Favicon-Living-Las-Canteras-original-copy-1.png","contentUrl":"https:\/\/livinglascanteras.com\/wp-content\/uploads\/2024\/06\/cropped-cropped-Favicon-Living-Las-Canteras-original-copy-1.png","width":512,"height":512,"caption":"LIVING LAS CANTERAS HOMES"},"image":{"@id":"https:\/\/livinglascanteras.com\/#\/schema\/logo\/image\/"}}]}},"_links":{"self":[{"href":"https:\/\/livinglascanteras.com\/en\/wp-json\/wp\/v2\/pages\/271","targetHints":{"allow":["GET"]}}],"collection":[{"href":"https:\/\/livinglascanteras.com\/en\/wp-json\/wp\/v2\/pages"}],"about":[{"href":"https:\/\/livinglascanteras.com\/en\/wp-json\/wp\/v2\/types\/page"}],"author":[{"embeddable":true,"href":"https:\/\/livinglascanteras.com\/en\/wp-json\/wp\/v2\/users\/1"}],"replies":[{"embeddable":true,"href":"https:\/\/livinglascanteras.com\/en\/wp-json\/wp\/v2\/comments?post=271"}],"version-history":[{"count":307,"href":"https:\/\/livinglascanteras.com\/en\/wp-json\/wp\/v2\/pages\/271\/revisions"}],"predecessor-version":[{"id":2870,"href":"https:\/\/livinglascanteras.com\/en\/wp-json\/wp\/v2\/pages\/271\/revisions\/2870"}],"wp:attachment":[{"href":"https:\/\/livinglascanteras.com\/en\/wp-json\/wp\/v2\/media?parent=271"}],"curies":[{"name":"wp","href":"https:\/\/api.w.org\/{rel}","templated":true}]}}